{"id":233,"date":"2025-04-05T08:52:48","date_gmt":"2025-04-05T08:52:48","guid":{"rendered":"https:\/\/durchdacht.org\/?page_id=233"},"modified":"2025-04-06T14:51:18","modified_gmt":"2025-04-06T14:51:18","slug":"absturzsicherung","status":"publish","type":"page","link":"https:\/\/durchdacht.org\/?page_id=233","title":{"rendered":"Absturzsicherung"},"content":{"rendered":"\n[et_pb_section fb_built=&#8220;1&#8243; _builder_version=&#8220;4.16&#8243; global_colors_info=&#8220;{}&#8220;][et_pb_row _builder_version=&#8220;4.16&#8243; background_size=&#8220;initial&#8220; background_position=&#8220;top_left&#8220; background_repeat=&#8220;repeat&#8220; global_colors_info=&#8220;{}&#8220;][et_pb_column type=&#8220;4_4&#8243; _builder_version=&#8220;4.16&#8243; custom_padding=&#8220;|||&#8220; global_colors_info=&#8220;{}&#8220; custom_padding__hover=&#8220;|||&#8220;][et_pb_image src=&#8220;http:\/\/durchdacht.org\/wp-content\/uploads\/2018\/04\/logo_durchdacht-1.png&#8220; align_tablet=&#8220;center&#8220; align_phone=&#8220;center&#8220; align_last_edited=&#8220;on|desktop&#8220; admin_label=&#8220;Logo&#8220; _builder_version=&#8220;4.16&#8243; always_center_on_mobile=&#8220;on&#8220; global_colors_info=&#8220;{}&#8220;][\/et_pb_image][et_pb_text admin_label=&#8220;Text Kranwagen&#8220; _builder_version=&#8220;4.16&#8243; global_colors_info=&#8220;{}&#8220;]<h2 data-start=\"304\" data-end=\"368\" class=\"\"><strong data-start=\"307\" data-end=\"368\">Sicher am Dach: Jetzt mit zertifizierter Absturzsicherung<\/strong><\/h2>\n<p data-start=\"370\" data-end=\"583\" class=\"\"><strong>Wir gehen einen Schritt weiter:<\/strong><br data-start=\"401\" data-end=\"404\" \/>Ab sofort bieten wir Ihnen nicht nur die fachgerechte Montage von Seilsystemen und Anschlageinrichtungen zur Absturzsicherung \u2013 wir d\u00fcrfen diese auch <strong data-start=\"554\" data-end=\"582\">pr\u00fcfen und dokumentieren<\/strong>.<\/p>\n<h3 data-start=\"675\" data-end=\"721\" class=\"\"><strong data-start=\"679\" data-end=\"721\">Unsere Leistungen f\u00fcr Ihre Sicherheit:<\/strong><\/h3>\n<ul data-start=\"723\" data-end=\"1077\">\n<li data-start=\"723\" data-end=\"844\" class=\"\">\n<p data-start=\"725\" data-end=\"844\" class=\"\"><strong data-start=\"725\" data-end=\"747\">Montage nach Norm:<\/strong><br data-start=\"747\" data-end=\"750\" \/>Installation von Seilsystemen und Anschlageinrichtungen durch unser geschultes Fachpersonal.<\/p>\n<\/li>\n<li data-start=\"846\" data-end=\"960\" class=\"\">\n<p data-start=\"848\" data-end=\"960\" class=\"\"><strong data-start=\"848\" data-end=\"870\">J\u00e4hrliche Pr\u00fcfung:<\/strong><br data-start=\"870\" data-end=\"873\" \/>Rechtssichere Kontrolle und Dokumentation \u2013 durch unsere zertifizierten Sachkundigen.<\/p>\n<\/li>\n<li data-start=\"962\" data-end=\"1077\" class=\"\">\n<p data-start=\"964\" data-end=\"1077\" class=\"\"><strong data-start=\"964\" data-end=\"987\">Beratung &amp; Planung:<\/strong><br data-start=\"987\" data-end=\"990\" \/>Wir begleiten Sie von Anfang an \u2013 ganz gleich, ob Neubau, Sanierung oder Nachr\u00fcstung.<\/p>\n<\/li>\n<\/ul>\n<h3 data-start=\"1084\" data-end=\"1130\" class=\"\"><strong data-start=\"1088\" data-end=\"1130\">F\u00fcr wen ist das besonders interessant?<\/strong><\/h3>\n<p data-start=\"1132\" data-end=\"1173\" class=\"\">Diese Leistung richtet sich vor allem an:<\/p>\n<ul data-start=\"1175\" data-end=\"1388\">\n<li data-start=\"1175\" data-end=\"1238\" class=\"\">\n<p data-start=\"1177\" data-end=\"1238\" class=\"\">\u00d6ffentliche Einrichtungen wie Schulen, Kitas oder Rath\u00e4user<\/p>\n<\/li>\n<li data-start=\"1239\" data-end=\"1287\" class=\"\">\n<p data-start=\"1241\" data-end=\"1287\" class=\"\">Wohnungsbaugesellschaften &amp; Hausverwaltungen<\/p>\n<\/li>\n<li data-start=\"1288\" data-end=\"1320\" class=\"\">\n<p data-start=\"1290\" data-end=\"1320\" class=\"\">Gewerbe- und Industriekunden<\/p>\n<\/li>\n<li data-start=\"1321\" data-end=\"1345\" class=\"\">\n<p data-start=\"1323\" data-end=\"1345\" class=\"\">Architekten &amp; Planer<\/p>\n<\/li>\n<li data-start=\"1346\" data-end=\"1388\" class=\"\">\n<p data-start=\"1348\" data-end=\"1388\" class=\"\">Solarteure und Firmen der Geb\u00e4udetechnik<\/p>\n<\/li>\n<\/ul>\n<h3 data-start=\"1395\" data-end=\"1423\" class=\"\"><strong data-start=\"1399\" data-end=\"1423\">Was Sie davon haben:<\/strong><\/h3>\n<ul data-start=\"1425\" data-end=\"1593\">\n<li data-start=\"1425\" data-end=\"1458\" class=\"\">\n<p data-start=\"1427\" data-end=\"1458\" class=\"\">Ein Ansprechpartner f\u00fcr alles<\/p>\n<\/li>\n<li data-start=\"1459\" data-end=\"1509\" class=\"\">\n<p data-start=\"1461\" data-end=\"1509\" class=\"\">Planung, Ausf\u00fchrung und Pr\u00fcfung aus einer Hand<\/p>\n<\/li>\n<li data-start=\"1510\" data-end=\"1555\" class=\"\">\n<p data-start=\"1512\" data-end=\"1555\" class=\"\">Rechtssicherheit und zuverl\u00e4ssige Wartung<\/p>\n<\/li>\n<li data-start=\"1556\" data-end=\"1593\" class=\"\">\n<p data-start=\"1558\" data-end=\"1593\" class=\"\">Kompetenz, auf die Sie bauen k\u00f6nnen<\/p>\n<\/li>\n<\/ul>\n<h3 data-start=\"1600\" data-end=\"1627\" class=\"\"><strong data-start=\"1604\" data-end=\"1627\">Sprechen Sie uns an!<\/strong><\/h3>\n<p data-start=\"1629\" data-end=\"1769\" class=\"\">Sie m\u00f6chten mehr wissen oder ein konkretes Projekt besprechen?<br data-start=\"1691\" data-end=\"1694\" \/><a href=\"http:\/\/durchdacht.org\/?page_id=111\">Sprechen Sie uns gerne an,\u00a0 wir beraten Sie gerne!<\/a><\/p>[\/et_pb_text][\/et_pb_column][\/et_pb_row][\/et_pb_section]\n","protected":false},"excerpt":{"rendered":"<p>Sicher am Dach: Jetzt mit zertifizierter Absturzsicherung Wir gehen einen Schritt weiter:Ab sofort bieten wir Ihnen nicht nur die fachgerechte Montage von Seilsystemen und Anschlageinrichtungen zur Absturzsicherung \u2013 wir d\u00fcrfen diese auch pr\u00fcfen und dokumentieren. Unsere Leistungen f\u00fcr Ihre Sicherheit: Montage nach Norm:Installation von Seilsystemen und Anschlageinrichtungen durch unser geschultes Fachpersonal. J\u00e4hrliche Pr\u00fcfung:Rechtssichere Kontrolle und [&hellip;]<\/p>\n","protected":false},"author":1,"featured_media":0,"parent":0,"menu_order":0,"comment_status":"closed","ping_status":"closed","template":"","meta":{"_et_pb_use_builder":"on","_et_pb_old_content":"","_et_gb_content_width":"","footnotes":""},"_links":{"self":[{"href":"https:\/\/durchdacht.org\/index.php?rest_route=\/wp\/v2\/pages\/233"}],"collection":[{"href":"https:\/\/durchdacht.org\/index.php?rest_route=\/wp\/v2\/pages"}],"about":[{"href":"https:\/\/durchdacht.org\/index.php?rest_route=\/wp\/v2\/types\/page"}],"author":[{"embeddable":true,"href":"https:\/\/durchdacht.org\/index.php?rest_route=\/wp\/v2\/users\/1"}],"replies":[{"embeddable":true,"href":"https:\/\/durchdacht.org\/index.php?rest_route=%2Fwp%2Fv2%2Fcomments&post=233"}],"version-history":[{"count":5,"href":"https:\/\/durchdacht.org\/index.php?rest_route=\/wp\/v2\/pages\/233\/revisions"}],"predecessor-version":[{"id":252,"href":"https:\/\/durchdacht.org\/index.php?rest_route=\/wp\/v2\/pages\/233\/revisions\/252"}],"wp:attachment":[{"href":"https:\/\/durchdacht.org\/index.php?rest_route=%2Fwp%2Fv2%2Fmedia&parent=233"}],"curies":[{"name":"wp","href":"https:\/\/api.w.org\/{rel}","templated":true}]}}